{"id":6800,"date":"2026-02-24T09:50:41","date_gmt":"2026-02-24T09:50:41","guid":{"rendered":"https:\/\/devkastor.italicdev.ro\/?post_type=product&#038;p=6800"},"modified":"2026-02-24T09:59:19","modified_gmt":"2026-02-24T09:59:19","slug":"cupa-standard-5-8-t-gpb-001-3c-600","status":"publish","type":"product","link":"https:\/\/devkastor.italicdev.ro\/hu\/termek\/cupa-standard-5-8-t-gpb-001-3c-600\/","title":{"rendered":"Cupa standard 5-8 t GPB 001.3c-600"},"content":{"rendered":"","protected":false},"excerpt":{"rendered":"<p>Comapania noastr\u0103 v\u0103 ofer\u0103 gama complet\u0103 de cupe de excavare c\u00e2t \u015fi cupe speciale. Produsele noastre sunt confec\u0163ionate dintr-un tip de o\u0163el durabil (HARDOX) c\u00e2t \u015fi rezistent la \u015focuri. O\u0163elul este rezistent la agen\u0163i de coroziune (apa sau atmosferici). Cupele sunt astfel concepute pentru condi\u0163ii grele, \u00een regimuri intense de lucru. Acestea se pot ata\u015fa pe orice tip de utilaj de construc\u0163ie, potrivit sistemului de prindere c\u00eet \u015fi a capacit\u0103\u0163i. Oferim solu\u0163ii eficiente pentru orice tip de lucrarare c\u00e2t \u015fi buget Livrare in orice jude\u0163 al \u0163\u0103ri.<\/p>","protected":false},"featured_media":6654,"comment_status":"open","ping_status":"closed","template":"","meta":[],"product_brand":[],"product_cat":[55,205,652],"product_tag":[],"class_list":{"0":"post-6800","1":"product","2":"type-product","3":"status-publish","4":"has-post-thumbnail","6":"product_cat-cupe-standard","7":"product_cat-cupe","8":"product_cat-cupe-standard-5-8-t","10":"first","11":"instock","12":"shipping-taxable","13":"product-type-simple"},"_links":{"self":[{"href":"https:\/\/devkastor.italicdev.ro\/hu\/wp-json\/wp\/v2\/product\/6800","targetHints":{"allow":["GET"]}}],"collection":[{"href":"https:\/\/devkastor.italicdev.ro\/hu\/wp-json\/wp\/v2\/product"}],"about":[{"href":"https:\/\/devkastor.italicdev.ro\/hu\/wp-json\/wp\/v2\/types\/product"}],"replies":[{"embeddable":true,"href":"https:\/\/devkastor.italicdev.ro\/hu\/wp-json\/wp\/v2\/comments?post=6800"}],"version-history":[{"count":1,"href":"https:\/\/devkastor.italicdev.ro\/hu\/wp-json\/wp\/v2\/product\/6800\/revisions"}],"predecessor-version":[{"id":6801,"href":"https:\/\/devkastor.italicdev.ro\/hu\/wp-json\/wp\/v2\/product\/6800\/revisions\/6801"}],"wp:featuredmedia":[{"embeddable":true,"href":"https:\/\/devkastor.italicdev.ro\/hu\/wp-json\/wp\/v2\/media\/6654"}],"wp:attachment":[{"href":"https:\/\/devkastor.italicdev.ro\/hu\/wp-json\/wp\/v2\/media?parent=6800"}],"wp:term":[{"taxonomy":"product_brand","embeddable":true,"href":"https:\/\/devkastor.italicdev.ro\/hu\/wp-json\/wp\/v2\/product_brand?post=6800"},{"taxonomy":"product_cat","embeddable":true,"href":"https:\/\/devkastor.italicdev.ro\/hu\/wp-json\/wp\/v2\/product_cat?post=6800"},{"taxonomy":"product_tag","embeddable":true,"href":"https:\/\/devkastor.italicdev.ro\/hu\/wp-json\/wp\/v2\/product_tag?post=6800"}],"curies":[{"name":"wp","href":"https:\/\/api.w.org\/{rel}","templated":true}]}}